{"id":5841,"date":"2023-03-03T17:13:57","date_gmt":"2023-03-03T12:13:57","guid":{"rendered":"https:\/\/2023laulupidu.100kingitust.ee\/product\/t-shirt-with-your-own-logo\/"},"modified":"2023-03-03T17:13:57","modified_gmt":"2023-03-03T12:13:57","slug":"t-shirt-with-your-own-logo","status":"publish","type":"product","link":"https:\/\/2023laulupidu.100kingitust.ee\/en\/t-shirt-with-your-own-logo\/","title":{"rendered":"T-shirt with your own logo"},"content":{"rendered":"<p>You can order &#8216;P\u00fcha on Maa&#8217; celebration shirts now with your logo! Your logo can be printed on both the chest and the back. The 2023 Song and Dance Celebration logo is on the sleeve. The minimum order is 10 T-shirts, they can also be in different colors.<\/p>\n<p>Write about your special requests: info@100kingitust.ee and we will send you an offer.<\/p>\n<p>You can choose the size from XS-3XL<\/p>\n<p>The color can be chosen from 5 shades:<\/p>\n<p>emerald &#8211; turquoise blue<\/p>\n<p>coral &#8211; pink<\/p>\n<p>sky blue &#8211; sky blue<\/p>\n<p>lime &#8211; green<\/p>\n<p>navy blue &#8211; dark blue<\/p>\n<p>Price from 25.90\u20ac<\/p>\n","protected":false},"excerpt":{"rendered":"You can order &#8216;P\u00fcha on Maa&#8217; celebration shirts now with your logo! Your logo can be printed on both the chest and the back. The 2023 Song and Dance Celebration logo is on the sleeve. The minimum order is 10 T-shirts, they can also be in different colors. Write about your special requests: info@100kingitust.ee and [&hellip;]","protected":false},"featured_media":5624,"template":"","meta":{"_acf_changed":false},"product_cat":[109,226],"product_tag":[],"acf":[],"yoast_head":"<!-- This site is optimized with the Yoast SEO Premium plugin v20.9 (Yoast SEO v22.1) - https:\/\/yoast.com\/wordpress\/plugins\/seo\/ -->\n<title>T-shirt with your own logo | Laulu- ja tantsupeo e-pood<\/title>\n<meta name=\"description\" content=\"Lennusadama ja Paks Margareeta e-poest leiad parimad kingiideed meres\u00f5brale, kalamehele. Mereteemalised aksessuaarid\" \/>\n<meta name=\"robots\" content=\"index, follow, max-snippet:-1, max-image-preview:large, max-video-preview:-1\" \/>\n<link rel=\"canonical\" href=\"https:\/\/2023laulupidu.100kingitust.ee\/en\/t-shirt-with-your-own-logo\/\" \/>\n<meta property=\"og:locale\" content=\"en_US\" \/>\n<meta property=\"og:type\" content=\"article\" \/>\n<meta property=\"og:title\" content=\"T-shirt with your own logo | Laulu- ja tantsupeo e-pood\" \/>\n<meta property=\"og:description\" content=\"Noorte Laulu- ja Tantsupeo meenepoest leiad peo s\u00e4rgid, pusad, meened, m\u00e4rgid! Saadame \u00fcle maailma!\" \/>\n<meta property=\"og:url\" content=\"https:\/\/2023laulupidu.100kingitust.ee\/en\/t-shirt-with-your-own-logo\/\" \/>\n<meta property=\"og:site_name\" content=\"Laulu- ja tantsupeo e-pood\" \/>\n<meta property=\"article:publisher\" content=\"https:\/\/www.facebook.com\/100kingitust\" \/>\n<meta property=\"og:image\" content=\"https:\/\/2023laulupidu.100kingitust.ee\/wp-content\/uploads\/2023\/03\/Oma-logoga-t-sark.png\" \/>\n\t<meta property=\"og:image:width\" content=\"1500\" \/>\n\t<meta property=\"og:image:height\" content=\"1500\" \/>\n\t<meta property=\"og:image:type\" content=\"image\/png\" \/>\n<meta name=\"twitter:card\" content=\"summary_large_image\" \/>\n<script type=\"application\/ld+json\" class=\"yoast-schema-graph\">{\"@context\":\"https:\/\/schema.org\",\"@graph\":[{\"@type\":\"WebPage\",\"@id\":\"https:\/\/2023laulupidu.100kingitust.ee\/en\/t-shirt-with-your-own-logo\/\",\"url\":\"https:\/\/2023laulupidu.100kingitust.ee\/en\/t-shirt-with-your-own-logo\/\",\"name\":\"T-shirt with your own logo | Laulu- ja tantsupeo e-pood\",\"isPartOf\":{\"@id\":\"https:\/\/2023laulupidu.100kingitust.ee\/#website\"},\"datePublished\":\"2023-03-03T12:13:57+00:00\",\"dateModified\":\"2023-03-03T12:13:57+00:00\",\"description\":\"Lennusadama ja Paks Margareeta e-poest leiad parimad kingiideed meres\u00f5brale, kalamehele. Mereteemalised aksessuaarid\",\"breadcrumb\":{\"@id\":\"https:\/\/2023laulupidu.100kingitust.ee\/en\/t-shirt-with-your-own-logo\/#breadcrumb\"},\"inLanguage\":\"en-US\",\"potentialAction\":[{\"@type\":\"ReadAction\",\"target\":[\"https:\/\/2023laulupidu.100kingitust.ee\/en\/t-shirt-with-your-own-logo\/\"]}]},{\"@type\":\"BreadcrumbList\",\"@id\":\"https:\/\/2023laulupidu.100kingitust.ee\/en\/t-shirt-with-your-own-logo\/#breadcrumb\",\"itemListElement\":[{\"@type\":\"ListItem\",\"position\":1,\"name\":\"Esileht\",\"item\":\"https:\/\/2023laulupidu.100kingitust.ee\/en\/\"},{\"@type\":\"ListItem\",\"position\":2,\"name\":\"Shop\",\"item\":\"https:\/\/2023laulupidu.100kingitust.ee\/en\/shop\/\"},{\"@type\":\"ListItem\",\"position\":3,\"name\":\"T-shirt with your own logo\"}]},{\"@type\":\"WebSite\",\"@id\":\"https:\/\/2023laulupidu.100kingitust.ee\/#website\",\"url\":\"https:\/\/2023laulupidu.100kingitust.ee\/\",\"name\":\"Laulu- ja tantsupeo e-pood\",\"description\":\"XIII Youth Song and Dance Celebration webshop\",\"publisher\":{\"@id\":\"https:\/\/2023laulupidu.100kingitust.ee\/#organization\"},\"alternateName\":\"2023 Noorte Laulu- ja Tantsupeo meenepood\",\"potentialAction\":[{\"@type\":\"SearchAction\",\"target\":{\"@type\":\"EntryPoint\",\"urlTemplate\":\"https:\/\/2023laulupidu.100kingitust.ee\/?s={search_term_string}\"},\"query-input\":\"required name=search_term_string\"}],\"inLanguage\":\"en-US\"},{\"@type\":\"Organization\",\"@id\":\"https:\/\/2023laulupidu.100kingitust.ee\/#organization\",\"name\":\"Meremuuseumi e-pood\",\"alternateName\":\"Laulu- ja Tantsupeo SA\",\"url\":\"https:\/\/2023laulupidu.100kingitust.ee\/\",\"logo\":{\"@type\":\"ImageObject\",\"inLanguage\":\"en-US\",\"@id\":\"https:\/\/2023laulupidu.100kingitust.ee\/#\/schema\/logo\/image\/\",\"url\":\"https:\/\/2023laulupidu.100kingitust.ee\/wp-content\/uploads\/2023\/02\/logo1.png\",\"contentUrl\":\"https:\/\/2023laulupidu.100kingitust.ee\/wp-content\/uploads\/2023\/02\/logo1.png\",\"width\":215,\"height\":90,\"caption\":\"Meremuuseumi e-pood\"},\"image\":{\"@id\":\"https:\/\/2023laulupidu.100kingitust.ee\/#\/schema\/logo\/image\/\"},\"sameAs\":[\"https:\/\/www.facebook.com\/100kingitust\"]}]}<\/script>\n<!-- \/ Yoast SEO Premium plugin. -->","yoast_head_json":{"title":"T-shirt with your own logo | Laulu- ja tantsupeo e-pood","description":"Lennusadama ja Paks Margareeta e-poest leiad parimad kingiideed meres\u00f5brale, kalamehele. Mereteemalised aksessuaarid","robots":{"index":"index","follow":"follow","max-snippet":"max-snippet:-1","max-image-preview":"max-image-preview:large","max-video-preview":"max-video-preview:-1"},"canonical":"https:\/\/2023laulupidu.100kingitust.ee\/en\/t-shirt-with-your-own-logo\/","og_locale":"en_US","og_type":"article","og_title":"T-shirt with your own logo | Laulu- ja tantsupeo e-pood","og_description":"Noorte Laulu- ja Tantsupeo meenepoest leiad peo s\u00e4rgid, pusad, meened, m\u00e4rgid! Saadame \u00fcle maailma!","og_url":"https:\/\/2023laulupidu.100kingitust.ee\/en\/t-shirt-with-your-own-logo\/","og_site_name":"Laulu- ja tantsupeo e-pood","article_publisher":"https:\/\/www.facebook.com\/100kingitust","og_image":[{"width":1500,"height":1500,"url":"https:\/\/2023laulupidu.100kingitust.ee\/wp-content\/uploads\/2023\/03\/Oma-logoga-t-sark.png","type":"image\/png"}],"twitter_card":"summary_large_image","schema":{"@context":"https:\/\/schema.org","@graph":[{"@type":"WebPage","@id":"https:\/\/2023laulupidu.100kingitust.ee\/en\/t-shirt-with-your-own-logo\/","url":"https:\/\/2023laulupidu.100kingitust.ee\/en\/t-shirt-with-your-own-logo\/","name":"T-shirt with your own logo | Laulu- ja tantsupeo e-pood","isPartOf":{"@id":"https:\/\/2023laulupidu.100kingitust.ee\/#website"},"datePublished":"2023-03-03T12:13:57+00:00","dateModified":"2023-03-03T12:13:57+00:00","description":"Lennusadama ja Paks Margareeta e-poest leiad parimad kingiideed meres\u00f5brale, kalamehele. Mereteemalised aksessuaarid","breadcrumb":{"@id":"https:\/\/2023laulupidu.100kingitust.ee\/en\/t-shirt-with-your-own-logo\/#breadcrumb"},"inLanguage":"en-US","potentialAction":[{"@type":"ReadAction","target":["https:\/\/2023laulupidu.100kingitust.ee\/en\/t-shirt-with-your-own-logo\/"]}]},{"@type":"BreadcrumbList","@id":"https:\/\/2023laulupidu.100kingitust.ee\/en\/t-shirt-with-your-own-logo\/#breadcrumb","itemListElement":[{"@type":"ListItem","position":1,"name":"Esileht","item":"https:\/\/2023laulupidu.100kingitust.ee\/en\/"},{"@type":"ListItem","position":2,"name":"Shop","item":"https:\/\/2023laulupidu.100kingitust.ee\/en\/shop\/"},{"@type":"ListItem","position":3,"name":"T-shirt with your own logo"}]},{"@type":"WebSite","@id":"https:\/\/2023laulupidu.100kingitust.ee\/#website","url":"https:\/\/2023laulupidu.100kingitust.ee\/","name":"Laulu- ja tantsupeo e-pood","description":"XIII Youth Song and Dance Celebration webshop","publisher":{"@id":"https:\/\/2023laulupidu.100kingitust.ee\/#organization"},"alternateName":"2023 Noorte Laulu- ja Tantsupeo meenepood","potentialAction":[{"@type":"SearchAction","target":{"@type":"EntryPoint","urlTemplate":"https:\/\/2023laulupidu.100kingitust.ee\/?s={search_term_string}"},"query-input":"required name=search_term_string"}],"inLanguage":"en-US"},{"@type":"Organization","@id":"https:\/\/2023laulupidu.100kingitust.ee\/#organization","name":"Meremuuseumi e-pood","alternateName":"Laulu- ja Tantsupeo SA","url":"https:\/\/2023laulupidu.100kingitust.ee\/","logo":{"@type":"ImageObject","inLanguage":"en-US","@id":"https:\/\/2023laulupidu.100kingitust.ee\/#\/schema\/logo\/image\/","url":"https:\/\/2023laulupidu.100kingitust.ee\/wp-content\/uploads\/2023\/02\/logo1.png","contentUrl":"https:\/\/2023laulupidu.100kingitust.ee\/wp-content\/uploads\/2023\/02\/logo1.png","width":215,"height":90,"caption":"Meremuuseumi e-pood"},"image":{"@id":"https:\/\/2023laulupidu.100kingitust.ee\/#\/schema\/logo\/image\/"},"sameAs":["https:\/\/www.facebook.com\/100kingitust"]}]}},"_links":{"self":[{"href":"https:\/\/2023laulupidu.100kingitust.ee\/en\/wp-json\/wp\/v2\/product\/5841"}],"collection":[{"href":"https:\/\/2023laulupidu.100kingitust.ee\/en\/wp-json\/wp\/v2\/product"}],"about":[{"href":"https:\/\/2023laulupidu.100kingitust.ee\/en\/wp-json\/wp\/v2\/types\/product"}],"wp:featuredmedia":[{"embeddable":true,"href":"https:\/\/2023laulupidu.100kingitust.ee\/en\/wp-json\/wp\/v2\/media\/5624"}],"wp:attachment":[{"href":"https:\/\/2023laulupidu.100kingitust.ee\/en\/wp-json\/wp\/v2\/media?parent=5841"}],"wp:term":[{"taxonomy":"product_cat","embeddable":true,"href":"https:\/\/2023laulupidu.100kingitust.ee\/en\/wp-json\/wp\/v2\/product_cat?post=5841"},{"taxonomy":"product_tag","embeddable":true,"href":"https:\/\/2023laulupidu.100kingitust.ee\/en\/wp-json\/wp\/v2\/product_tag?post=5841"}],"curies":[{"name":"wp","href":"https:\/\/api.w.org\/{rel}","templated":true}]}}