{"id":5458,"date":"2023-01-23T19:30:36","date_gmt":"2023-01-11T14:30:36","guid":{"rendered":"https:\/\/2023laulupidu.100kingitust.ee\/product\/song-and-dance-festival-picnic-deck\/"},"modified":"2023-02-21T23:02:27","modified_gmt":"2023-02-21T18:02:27","slug":"song-and-dance-festival-picnic-deck","status":"publish","type":"product","link":"https:\/\/2023laulupidu.100kingitust.ee\/en\/song-and-dance-festival-picnic-deck\/","title":{"rendered":"SONG AND DANCE FESTIVAL PICNIC BLANKET"},"content":{"rendered":"<p>Beautiful compact double-sided picnic blanket, waterproof and moisture-proof on one side. The picnic blanket folds into a bag. The deck also has a folded pocket that can hold a sheet music book. There is an adjustable shoulder strap for carrying the bag on the shoulder. The logo of the Song and Dance Festival decorates the pocket.<\/p>\n<p>Size: 143 x 183 cm<br \/>\nColor: pink, dark blue<\/p>\n<p>The picnic blanket is machine washable at 30 degrees. We recommend washing together with fabrics of the same color. The product is not suitable for bleaching and strong tumble drying.<\/p>\n","protected":false},"excerpt":{"rendered":"Beautiful compact double-sided picnic blanket, waterproof and moisture-proof on one side. The picnic blanket folds into a bag. The deck also has a folded pocket that can hold a sheet music book. There is an adjustable shoulder strap for carrying the bag on the shoulder. The logo of the Song and Dance Festival decorates the [&hellip;]","protected":false},"featured_media":5343,"template":"","meta":{"_acf_changed":false},"product_cat":[43,228,226],"product_tag":[],"acf":[],"yoast_head":"<!-- This site is optimized with the Yoast SEO Premium plugin v20.9 (Yoast SEO v22.1) - https:\/\/yoast.com\/wordpress\/plugins\/seo\/ -->\n<title>SONG AND DANCE FESTIVAL PICNIC BLANKET | Laulu- ja tantsupeo e-pood<\/title>\n<meta name=\"description\" content=\"Welcome to XIII Youth Song and Dance Celebration webshop! Here you will find everything you need to be ready for the celebration of 2023! Look here!\" \/>\n<meta name=\"robots\" content=\"index, follow, max-snippet:-1, max-image-preview:large, max-video-preview:-1\" \/>\n<link rel=\"canonical\" href=\"https:\/\/2023laulupidu.100kingitust.ee\/en\/song-and-dance-festival-picnic-deck\/\" \/>\n<meta property=\"og:locale\" content=\"en_US\" \/>\n<meta property=\"og:type\" content=\"article\" \/>\n<meta property=\"og:title\" content=\"SONG AND DANCE FESTIVAL PICNIC BLANKET | Laulu- ja tantsupeo e-pood\" \/>\n<meta property=\"og:description\" content=\"Noorte Laulu- ja Tantsupeo meenepoest leiad peo s\u00e4rgid, pusad, meened, m\u00e4rgid! Saadame \u00fcle maailma!\" \/>\n<meta property=\"og:url\" content=\"https:\/\/2023laulupidu.100kingitust.ee\/en\/song-and-dance-festival-picnic-deck\/\" \/>\n<meta property=\"og:site_name\" content=\"Laulu- ja tantsupeo e-pood\" \/>\n<meta property=\"article:publisher\" content=\"https:\/\/www.facebook.com\/100kingitust\" \/>\n<meta property=\"article:modified_time\" content=\"2023-02-21T18:02:27+00:00\" \/>\n<meta property=\"og:image\" content=\"https:\/\/2023laulupidu.100kingitust.ee\/wp-content\/uploads\/2023\/01\/Laulu-ja-tantsupeo-piknikutekk.png\" \/>\n\t<meta property=\"og:image:width\" content=\"1000\" \/>\n\t<meta property=\"og:image:height\" content=\"1500\" \/>\n\t<meta property=\"og:image:type\" content=\"image\/png\" \/>\n<meta name=\"twitter:card\" content=\"summary_large_image\" \/>\n<meta name=\"twitter:label1\" content=\"Est. reading time\" \/>\n\t<meta name=\"twitter:data1\" content=\"1 minute\" \/>\n<script type=\"application\/ld+json\" class=\"yoast-schema-graph\">{\"@context\":\"https:\/\/schema.org\",\"@graph\":[{\"@type\":\"WebPage\",\"@id\":\"https:\/\/2023laulupidu.100kingitust.ee\/en\/song-and-dance-festival-picnic-deck\/\",\"url\":\"https:\/\/2023laulupidu.100kingitust.ee\/en\/song-and-dance-festival-picnic-deck\/\",\"name\":\"SONG AND DANCE FESTIVAL PICNIC BLANKET | Laulu- ja tantsupeo e-pood\",\"isPartOf\":{\"@id\":\"https:\/\/2023laulupidu.100kingitust.ee\/#website\"},\"datePublished\":\"2023-01-11T14:30:36+00:00\",\"dateModified\":\"2023-02-21T18:02:27+00:00\",\"description\":\"Welcome to XIII Youth Song and Dance Celebration webshop! Here you will find everything you need to be ready for the celebration of 2023! Look here!\",\"breadcrumb\":{\"@id\":\"https:\/\/2023laulupidu.100kingitust.ee\/en\/song-and-dance-festival-picnic-deck\/#breadcrumb\"},\"inLanguage\":\"en-US\",\"potentialAction\":[{\"@type\":\"ReadAction\",\"target\":[\"https:\/\/2023laulupidu.100kingitust.ee\/en\/song-and-dance-festival-picnic-deck\/\"]}]},{\"@type\":\"BreadcrumbList\",\"@id\":\"https:\/\/2023laulupidu.100kingitust.ee\/en\/song-and-dance-festival-picnic-deck\/#breadcrumb\",\"itemListElement\":[{\"@type\":\"ListItem\",\"position\":1,\"name\":\"Esileht\",\"item\":\"https:\/\/2023laulupidu.100kingitust.ee\/en\/\"},{\"@type\":\"ListItem\",\"position\":2,\"name\":\"Shop\",\"item\":\"https:\/\/2023laulupidu.100kingitust.ee\/en\/shop\/\"},{\"@type\":\"ListItem\",\"position\":3,\"name\":\"SONG AND DANCE FESTIVAL PICNIC BLANKET\"}]},{\"@type\":\"WebSite\",\"@id\":\"https:\/\/2023laulupidu.100kingitust.ee\/#website\",\"url\":\"https:\/\/2023laulupidu.100kingitust.ee\/\",\"name\":\"Laulu- ja tantsupeo e-pood\",\"description\":\"XIII Youth Song and Dance Celebration webshop\",\"publisher\":{\"@id\":\"https:\/\/2023laulupidu.100kingitust.ee\/#organization\"},\"alternateName\":\"2023 Noorte Laulu- ja Tantsupeo meenepood\",\"potentialAction\":[{\"@type\":\"SearchAction\",\"target\":{\"@type\":\"EntryPoint\",\"urlTemplate\":\"https:\/\/2023laulupidu.100kingitust.ee\/?s={search_term_string}\"},\"query-input\":\"required name=search_term_string\"}],\"inLanguage\":\"en-US\"},{\"@type\":\"Organization\",\"@id\":\"https:\/\/2023laulupidu.100kingitust.ee\/#organization\",\"name\":\"Meremuuseumi e-pood\",\"alternateName\":\"Laulu- ja Tantsupeo SA\",\"url\":\"https:\/\/2023laulupidu.100kingitust.ee\/\",\"logo\":{\"@type\":\"ImageObject\",\"inLanguage\":\"en-US\",\"@id\":\"https:\/\/2023laulupidu.100kingitust.ee\/#\/schema\/logo\/image\/\",\"url\":\"https:\/\/2023laulupidu.100kingitust.ee\/wp-content\/uploads\/2023\/02\/logo1.png\",\"contentUrl\":\"https:\/\/2023laulupidu.100kingitust.ee\/wp-content\/uploads\/2023\/02\/logo1.png\",\"width\":215,\"height\":90,\"caption\":\"Meremuuseumi e-pood\"},\"image\":{\"@id\":\"https:\/\/2023laulupidu.100kingitust.ee\/#\/schema\/logo\/image\/\"},\"sameAs\":[\"https:\/\/www.facebook.com\/100kingitust\"]}]}<\/script>\n<!-- \/ Yoast SEO Premium plugin. -->","yoast_head_json":{"title":"SONG AND DANCE FESTIVAL PICNIC BLANKET | Laulu- ja tantsupeo e-pood","description":"Welcome to XIII Youth Song and Dance Celebration webshop! Here you will find everything you need to be ready for the celebration of 2023! Look here!","robots":{"index":"index","follow":"follow","max-snippet":"max-snippet:-1","max-image-preview":"max-image-preview:large","max-video-preview":"max-video-preview:-1"},"canonical":"https:\/\/2023laulupidu.100kingitust.ee\/en\/song-and-dance-festival-picnic-deck\/","og_locale":"en_US","og_type":"article","og_title":"SONG AND DANCE FESTIVAL PICNIC BLANKET | Laulu- ja tantsupeo e-pood","og_description":"Noorte Laulu- ja Tantsupeo meenepoest leiad peo s\u00e4rgid, pusad, meened, m\u00e4rgid! Saadame \u00fcle maailma!","og_url":"https:\/\/2023laulupidu.100kingitust.ee\/en\/song-and-dance-festival-picnic-deck\/","og_site_name":"Laulu- ja tantsupeo e-pood","article_publisher":"https:\/\/www.facebook.com\/100kingitust","article_modified_time":"2023-02-21T18:02:27+00:00","og_image":[{"width":1000,"height":1500,"url":"https:\/\/2023laulupidu.100kingitust.ee\/wp-content\/uploads\/2023\/01\/Laulu-ja-tantsupeo-piknikutekk.png","type":"image\/png"}],"twitter_card":"summary_large_image","twitter_misc":{"Est. reading time":"1 minute"},"schema":{"@context":"https:\/\/schema.org","@graph":[{"@type":"WebPage","@id":"https:\/\/2023laulupidu.100kingitust.ee\/en\/song-and-dance-festival-picnic-deck\/","url":"https:\/\/2023laulupidu.100kingitust.ee\/en\/song-and-dance-festival-picnic-deck\/","name":"SONG AND DANCE FESTIVAL PICNIC BLANKET | Laulu- ja tantsupeo e-pood","isPartOf":{"@id":"https:\/\/2023laulupidu.100kingitust.ee\/#website"},"datePublished":"2023-01-11T14:30:36+00:00","dateModified":"2023-02-21T18:02:27+00:00","description":"Welcome to XIII Youth Song and Dance Celebration webshop! Here you will find everything you need to be ready for the celebration of 2023! Look here!","breadcrumb":{"@id":"https:\/\/2023laulupidu.100kingitust.ee\/en\/song-and-dance-festival-picnic-deck\/#breadcrumb"},"inLanguage":"en-US","potentialAction":[{"@type":"ReadAction","target":["https:\/\/2023laulupidu.100kingitust.ee\/en\/song-and-dance-festival-picnic-deck\/"]}]},{"@type":"BreadcrumbList","@id":"https:\/\/2023laulupidu.100kingitust.ee\/en\/song-and-dance-festival-picnic-deck\/#breadcrumb","itemListElement":[{"@type":"ListItem","position":1,"name":"Esileht","item":"https:\/\/2023laulupidu.100kingitust.ee\/en\/"},{"@type":"ListItem","position":2,"name":"Shop","item":"https:\/\/2023laulupidu.100kingitust.ee\/en\/shop\/"},{"@type":"ListItem","position":3,"name":"SONG AND DANCE FESTIVAL PICNIC BLANKET"}]},{"@type":"WebSite","@id":"https:\/\/2023laulupidu.100kingitust.ee\/#website","url":"https:\/\/2023laulupidu.100kingitust.ee\/","name":"Laulu- ja tantsupeo e-pood","description":"XIII Youth Song and Dance Celebration webshop","publisher":{"@id":"https:\/\/2023laulupidu.100kingitust.ee\/#organization"},"alternateName":"2023 Noorte Laulu- ja Tantsupeo meenepood","potentialAction":[{"@type":"SearchAction","target":{"@type":"EntryPoint","urlTemplate":"https:\/\/2023laulupidu.100kingitust.ee\/?s={search_term_string}"},"query-input":"required name=search_term_string"}],"inLanguage":"en-US"},{"@type":"Organization","@id":"https:\/\/2023laulupidu.100kingitust.ee\/#organization","name":"Meremuuseumi e-pood","alternateName":"Laulu- ja Tantsupeo SA","url":"https:\/\/2023laulupidu.100kingitust.ee\/","logo":{"@type":"ImageObject","inLanguage":"en-US","@id":"https:\/\/2023laulupidu.100kingitust.ee\/#\/schema\/logo\/image\/","url":"https:\/\/2023laulupidu.100kingitust.ee\/wp-content\/uploads\/2023\/02\/logo1.png","contentUrl":"https:\/\/2023laulupidu.100kingitust.ee\/wp-content\/uploads\/2023\/02\/logo1.png","width":215,"height":90,"caption":"Meremuuseumi e-pood"},"image":{"@id":"https:\/\/2023laulupidu.100kingitust.ee\/#\/schema\/logo\/image\/"},"sameAs":["https:\/\/www.facebook.com\/100kingitust"]}]}},"_links":{"self":[{"href":"https:\/\/2023laulupidu.100kingitust.ee\/en\/wp-json\/wp\/v2\/product\/5458"}],"collection":[{"href":"https:\/\/2023laulupidu.100kingitust.ee\/en\/wp-json\/wp\/v2\/product"}],"about":[{"href":"https:\/\/2023laulupidu.100kingitust.ee\/en\/wp-json\/wp\/v2\/types\/product"}],"wp:featuredmedia":[{"embeddable":true,"href":"https:\/\/2023laulupidu.100kingitust.ee\/en\/wp-json\/wp\/v2\/media\/5343"}],"wp:attachment":[{"href":"https:\/\/2023laulupidu.100kingitust.ee\/en\/wp-json\/wp\/v2\/media?parent=5458"}],"wp:term":[{"taxonomy":"product_cat","embeddable":true,"href":"https:\/\/2023laulupidu.100kingitust.ee\/en\/wp-json\/wp\/v2\/product_cat?post=5458"},{"taxonomy":"product_tag","embeddable":true,"href":"https:\/\/2023laulupidu.100kingitust.ee\/en\/wp-json\/wp\/v2\/product_tag?post=5458"}],"curies":[{"name":"wp","href":"https:\/\/api.w.org\/{rel}","templated":true}]}}