{"id":5314,"date":"2022-11-29T12:16:43","date_gmt":"2022-11-29T07:16:43","guid":{"rendered":"https:\/\/2023laulupidu.100kingitust.ee\/product\/song-and-dance-celebration-big-mesh-banner\/"},"modified":"2023-02-21T23:05:58","modified_gmt":"2023-02-21T18:05:58","slug":"song-and-dance-celebration-big-mesh-banner","status":"publish","type":"product","link":"https:\/\/2023laulupidu.100kingitust.ee\/en\/song-and-dance-celebration-big-mesh-banner\/","title":{"rendered":"Song and Dance celebration big mesh banner"},"content":{"rendered":"<p>2023 Song and Dance celebration Banner<\/p>\n<p>The banner is a self-tensioning stand that is easy to unfold and assemble. Graphics are installed through loops. The banner graphics are printed on PVC fabric and the frame is made of aluminum and plastic base. The set includes a black carrying bag. The graphics are fastened to the stand using loops (metal holes).<\/p>\n<p>Dimensions: 1.5 X 2.4m<\/p>\n<p>Delivery time 5-7 days<\/p>\n","protected":false},"excerpt":{"rendered":"2023 Song and Dance celebration Banner The banner is a self-tensioning stand that is easy to unfold and assemble. Graphics are installed through loops. The banner graphics are printed on PVC fabric and the frame is made of aluminum and plastic base. The set includes a black carrying bag. The graphics are fastened to the [&hellip;]","protected":false},"featured_media":5241,"template":"","meta":{"_acf_changed":false},"product_cat":[42,237,226],"product_tag":[],"acf":[],"yoast_head":"<!-- This site is optimized with the Yoast SEO Premium plugin v20.9 (Yoast SEO v22.1) - https:\/\/yoast.com\/wordpress\/plugins\/seo\/ -->\n<title>Song and Dance celebration big mesh banner | Laulu- ja tantsupeo e-pood<\/title>\n<meta name=\"description\" content=\"Welcome to XIII Youth Song and Dance Celebration webshop! Here you will find everything you need to be ready for the celebration of 2023! Look here!\" \/>\n<meta name=\"robots\" content=\"index, follow, max-snippet:-1, max-image-preview:large, max-video-preview:-1\" \/>\n<link rel=\"canonical\" href=\"https:\/\/2023laulupidu.100kingitust.ee\/en\/song-and-dance-celebration-big-mesh-banner\/\" \/>\n<meta property=\"og:locale\" content=\"en_US\" \/>\n<meta property=\"og:type\" content=\"article\" \/>\n<meta property=\"og:title\" content=\"Song and Dance celebration big mesh banner | Laulu- ja tantsupeo e-pood\" \/>\n<meta property=\"og:description\" content=\"Noorte Laulu- ja Tantsupeo meenepoest leiad peo s\u00e4rgid, pusad, meened, m\u00e4rgid! Saadame \u00fcle maailma!\" \/>\n<meta property=\"og:url\" content=\"https:\/\/2023laulupidu.100kingitust.ee\/en\/song-and-dance-celebration-big-mesh-banner\/\" \/>\n<meta property=\"og:site_name\" content=\"Laulu- ja tantsupeo e-pood\" \/>\n<meta property=\"article:publisher\" content=\"https:\/\/www.facebook.com\/100kingitust\" \/>\n<meta property=\"article:modified_time\" content=\"2023-02-21T18:05:58+00:00\" \/>\n<meta property=\"og:image\" content=\"https:\/\/2023laulupidu.100kingitust.ee\/wp-content\/uploads\/2022\/11\/Laulu_ja_tantsupeo_veebi_banner.png\" \/>\n\t<meta property=\"og:image:width\" content=\"1000\" \/>\n\t<meta property=\"og:image:height\" content=\"1500\" \/>\n\t<meta property=\"og:image:type\" content=\"image\/png\" \/>\n<meta name=\"twitter:card\" content=\"summary_large_image\" \/>\n<meta name=\"twitter:label1\" content=\"Est. reading time\" \/>\n\t<meta name=\"twitter:data1\" content=\"1 minute\" \/>\n<script type=\"application\/ld+json\" class=\"yoast-schema-graph\">{\"@context\":\"https:\/\/schema.org\",\"@graph\":[{\"@type\":\"WebPage\",\"@id\":\"https:\/\/2023laulupidu.100kingitust.ee\/en\/song-and-dance-celebration-big-mesh-banner\/\",\"url\":\"https:\/\/2023laulupidu.100kingitust.ee\/en\/song-and-dance-celebration-big-mesh-banner\/\",\"name\":\"Song and Dance celebration big mesh banner | Laulu- ja tantsupeo e-pood\",\"isPartOf\":{\"@id\":\"https:\/\/2023laulupidu.100kingitust.ee\/#website\"},\"datePublished\":\"2022-11-29T07:16:43+00:00\",\"dateModified\":\"2023-02-21T18:05:58+00:00\",\"description\":\"Welcome to XIII Youth Song and Dance Celebration webshop! Here you will find everything you need to be ready for the celebration of 2023! Look here!\",\"breadcrumb\":{\"@id\":\"https:\/\/2023laulupidu.100kingitust.ee\/en\/song-and-dance-celebration-big-mesh-banner\/#breadcrumb\"},\"inLanguage\":\"en-US\",\"potentialAction\":[{\"@type\":\"ReadAction\",\"target\":[\"https:\/\/2023laulupidu.100kingitust.ee\/en\/song-and-dance-celebration-big-mesh-banner\/\"]}]},{\"@type\":\"BreadcrumbList\",\"@id\":\"https:\/\/2023laulupidu.100kingitust.ee\/en\/song-and-dance-celebration-big-mesh-banner\/#breadcrumb\",\"itemListElement\":[{\"@type\":\"ListItem\",\"position\":1,\"name\":\"Esileht\",\"item\":\"https:\/\/2023laulupidu.100kingitust.ee\/en\/\"},{\"@type\":\"ListItem\",\"position\":2,\"name\":\"Shop\",\"item\":\"https:\/\/2023laulupidu.100kingitust.ee\/en\/shop\/\"},{\"@type\":\"ListItem\",\"position\":3,\"name\":\"Song and Dance celebration big mesh banner\"}]},{\"@type\":\"WebSite\",\"@id\":\"https:\/\/2023laulupidu.100kingitust.ee\/#website\",\"url\":\"https:\/\/2023laulupidu.100kingitust.ee\/\",\"name\":\"Laulu- ja tantsupeo e-pood\",\"description\":\"XIII Youth Song and Dance Celebration webshop\",\"publisher\":{\"@id\":\"https:\/\/2023laulupidu.100kingitust.ee\/#organization\"},\"alternateName\":\"2023 Noorte Laulu- ja Tantsupeo meenepood\",\"potentialAction\":[{\"@type\":\"SearchAction\",\"target\":{\"@type\":\"EntryPoint\",\"urlTemplate\":\"https:\/\/2023laulupidu.100kingitust.ee\/?s={search_term_string}\"},\"query-input\":\"required name=search_term_string\"}],\"inLanguage\":\"en-US\"},{\"@type\":\"Organization\",\"@id\":\"https:\/\/2023laulupidu.100kingitust.ee\/#organization\",\"name\":\"Meremuuseumi e-pood\",\"alternateName\":\"Laulu- ja Tantsupeo SA\",\"url\":\"https:\/\/2023laulupidu.100kingitust.ee\/\",\"logo\":{\"@type\":\"ImageObject\",\"inLanguage\":\"en-US\",\"@id\":\"https:\/\/2023laulupidu.100kingitust.ee\/#\/schema\/logo\/image\/\",\"url\":\"https:\/\/2023laulupidu.100kingitust.ee\/wp-content\/uploads\/2023\/02\/logo1.png\",\"contentUrl\":\"https:\/\/2023laulupidu.100kingitust.ee\/wp-content\/uploads\/2023\/02\/logo1.png\",\"width\":215,\"height\":90,\"caption\":\"Meremuuseumi e-pood\"},\"image\":{\"@id\":\"https:\/\/2023laulupidu.100kingitust.ee\/#\/schema\/logo\/image\/\"},\"sameAs\":[\"https:\/\/www.facebook.com\/100kingitust\"]}]}<\/script>\n<!-- \/ Yoast SEO Premium plugin. -->","yoast_head_json":{"title":"Song and Dance celebration big mesh banner | Laulu- ja tantsupeo e-pood","description":"Welcome to XIII Youth Song and Dance Celebration webshop! Here you will find everything you need to be ready for the celebration of 2023! Look here!","robots":{"index":"index","follow":"follow","max-snippet":"max-snippet:-1","max-image-preview":"max-image-preview:large","max-video-preview":"max-video-preview:-1"},"canonical":"https:\/\/2023laulupidu.100kingitust.ee\/en\/song-and-dance-celebration-big-mesh-banner\/","og_locale":"en_US","og_type":"article","og_title":"Song and Dance celebration big mesh banner | Laulu- ja tantsupeo e-pood","og_description":"Noorte Laulu- ja Tantsupeo meenepoest leiad peo s\u00e4rgid, pusad, meened, m\u00e4rgid! Saadame \u00fcle maailma!","og_url":"https:\/\/2023laulupidu.100kingitust.ee\/en\/song-and-dance-celebration-big-mesh-banner\/","og_site_name":"Laulu- ja tantsupeo e-pood","article_publisher":"https:\/\/www.facebook.com\/100kingitust","article_modified_time":"2023-02-21T18:05:58+00:00","og_image":[{"width":1000,"height":1500,"url":"https:\/\/2023laulupidu.100kingitust.ee\/wp-content\/uploads\/2022\/11\/Laulu_ja_tantsupeo_veebi_banner.png","type":"image\/png"}],"twitter_card":"summary_large_image","twitter_misc":{"Est. reading time":"1 minute"},"schema":{"@context":"https:\/\/schema.org","@graph":[{"@type":"WebPage","@id":"https:\/\/2023laulupidu.100kingitust.ee\/en\/song-and-dance-celebration-big-mesh-banner\/","url":"https:\/\/2023laulupidu.100kingitust.ee\/en\/song-and-dance-celebration-big-mesh-banner\/","name":"Song and Dance celebration big mesh banner | Laulu- ja tantsupeo e-pood","isPartOf":{"@id":"https:\/\/2023laulupidu.100kingitust.ee\/#website"},"datePublished":"2022-11-29T07:16:43+00:00","dateModified":"2023-02-21T18:05:58+00:00","description":"Welcome to XIII Youth Song and Dance Celebration webshop! Here you will find everything you need to be ready for the celebration of 2023! Look here!","breadcrumb":{"@id":"https:\/\/2023laulupidu.100kingitust.ee\/en\/song-and-dance-celebration-big-mesh-banner\/#breadcrumb"},"inLanguage":"en-US","potentialAction":[{"@type":"ReadAction","target":["https:\/\/2023laulupidu.100kingitust.ee\/en\/song-and-dance-celebration-big-mesh-banner\/"]}]},{"@type":"BreadcrumbList","@id":"https:\/\/2023laulupidu.100kingitust.ee\/en\/song-and-dance-celebration-big-mesh-banner\/#breadcrumb","itemListElement":[{"@type":"ListItem","position":1,"name":"Esileht","item":"https:\/\/2023laulupidu.100kingitust.ee\/en\/"},{"@type":"ListItem","position":2,"name":"Shop","item":"https:\/\/2023laulupidu.100kingitust.ee\/en\/shop\/"},{"@type":"ListItem","position":3,"name":"Song and Dance celebration big mesh banner"}]},{"@type":"WebSite","@id":"https:\/\/2023laulupidu.100kingitust.ee\/#website","url":"https:\/\/2023laulupidu.100kingitust.ee\/","name":"Laulu- ja tantsupeo e-pood","description":"XIII Youth Song and Dance Celebration webshop","publisher":{"@id":"https:\/\/2023laulupidu.100kingitust.ee\/#organization"},"alternateName":"2023 Noorte Laulu- ja Tantsupeo meenepood","potentialAction":[{"@type":"SearchAction","target":{"@type":"EntryPoint","urlTemplate":"https:\/\/2023laulupidu.100kingitust.ee\/?s={search_term_string}"},"query-input":"required name=search_term_string"}],"inLanguage":"en-US"},{"@type":"Organization","@id":"https:\/\/2023laulupidu.100kingitust.ee\/#organization","name":"Meremuuseumi e-pood","alternateName":"Laulu- ja Tantsupeo SA","url":"https:\/\/2023laulupidu.100kingitust.ee\/","logo":{"@type":"ImageObject","inLanguage":"en-US","@id":"https:\/\/2023laulupidu.100kingitust.ee\/#\/schema\/logo\/image\/","url":"https:\/\/2023laulupidu.100kingitust.ee\/wp-content\/uploads\/2023\/02\/logo1.png","contentUrl":"https:\/\/2023laulupidu.100kingitust.ee\/wp-content\/uploads\/2023\/02\/logo1.png","width":215,"height":90,"caption":"Meremuuseumi e-pood"},"image":{"@id":"https:\/\/2023laulupidu.100kingitust.ee\/#\/schema\/logo\/image\/"},"sameAs":["https:\/\/www.facebook.com\/100kingitust"]}]}},"_links":{"self":[{"href":"https:\/\/2023laulupidu.100kingitust.ee\/en\/wp-json\/wp\/v2\/product\/5314"}],"collection":[{"href":"https:\/\/2023laulupidu.100kingitust.ee\/en\/wp-json\/wp\/v2\/product"}],"about":[{"href":"https:\/\/2023laulupidu.100kingitust.ee\/en\/wp-json\/wp\/v2\/types\/product"}],"wp:featuredmedia":[{"embeddable":true,"href":"https:\/\/2023laulupidu.100kingitust.ee\/en\/wp-json\/wp\/v2\/media\/5241"}],"wp:attachment":[{"href":"https:\/\/2023laulupidu.100kingitust.ee\/en\/wp-json\/wp\/v2\/media?parent=5314"}],"wp:term":[{"taxonomy":"product_cat","embeddable":true,"href":"https:\/\/2023laulupidu.100kingitust.ee\/en\/wp-json\/wp\/v2\/product_cat?post=5314"},{"taxonomy":"product_tag","embeddable":true,"href":"https:\/\/2023laulupidu.100kingitust.ee\/en\/wp-json\/wp\/v2\/product_tag?post=5314"}],"curies":[{"name":"wp","href":"https:\/\/api.w.org\/{rel}","templated":true}]}}