{"id":4866,"date":"2022-09-26T17:43:26","date_gmt":"2022-09-26T12:43:26","guid":{"rendered":"https:\/\/2023laulupidu.100kingitust.ee\/product\/reusable-raincoat\/"},"modified":"2023-08-17T10:45:57","modified_gmt":"2023-08-17T05:45:57","slug":"reusable-raincoat","status":"publish","type":"product","link":"https:\/\/2023laulupidu.100kingitust.ee\/en\/reusable-raincoat\/","title":{"rendered":"REUSABLE RAINCOAT"},"content":{"rendered":"<p>Transparent, reusable raincoat. Water and rain resistant<br \/>\nWith a hood.<\/p>\n<p>The raincoat has pockets where you can conveniently store your phone and other small things.<\/p>\n<p>The coat comes with a waterproof Song and Dance Celebration sticker, which can be beautifully stuck on the chest.<\/p>\n<p>Color: transparent<br \/>\nMaterial: 100% EVA<\/p>\n<p>Sizes:<br \/>\nXS (122-140 cm) \u2013 shoulder length 50 cm, length from the center line of the back 80 cm, circumference 104 cm<br \/>\nONE SIZE measurements &#8211; shoulder length 60 cm, length from the center line of the back 115 cm, circumference 128 cm<br \/>\nPLUS SIZE measurements &#8211; shoulder length 60 cm, length from the center line of the back 115 cm, circumference 150 cm<\/p>\n","protected":false},"excerpt":{"rendered":"Transparent, reusable raincoat. Water and rain resistant With a hood. The raincoat has pockets where you can conveniently store your phone and other small things. The coat comes with a waterproof Song and Dance Celebration sticker, which can be beautifully stuck on the chest. Color: transparent Material: 100% EVA Sizes: XS (122-140 cm) \u2013 shoulder [&hellip;]","protected":false},"featured_media":6205,"template":"","meta":{"_acf_changed":false},"product_cat":[43,111,226],"product_tag":[],"acf":[],"yoast_head":"<!-- This site is optimized with the Yoast SEO Premium plugin v20.9 (Yoast SEO v22.1) - https:\/\/yoast.com\/wordpress\/plugins\/seo\/ -->\n<title>REUSABLE RAINCOAT | Laulu- ja tantsupeo e-pood<\/title>\n<meta name=\"description\" content=\"Welcome to XIII Youth Song and Dance Celebration webshop! Here you will find everything you need to be ready for the celebration of 2023! Look here!\" \/>\n<meta name=\"robots\" content=\"index, follow, max-snippet:-1, max-image-preview:large, max-video-preview:-1\" \/>\n<link rel=\"canonical\" href=\"https:\/\/2023laulupidu.100kingitust.ee\/en\/reusable-raincoat\/\" \/>\n<meta property=\"og:locale\" content=\"en_US\" \/>\n<meta property=\"og:type\" content=\"article\" \/>\n<meta property=\"og:title\" content=\"REUSABLE RAINCOAT | Laulu- ja tantsupeo e-pood\" \/>\n<meta property=\"og:description\" content=\"Noorte Laulu- ja Tantsupeo meenepoest leiad peo s\u00e4rgid, pusad, meened, m\u00e4rgid! Saadame \u00fcle maailma!\" \/>\n<meta property=\"og:url\" content=\"https:\/\/2023laulupidu.100kingitust.ee\/en\/reusable-raincoat\/\" \/>\n<meta property=\"og:site_name\" content=\"Laulu- ja tantsupeo e-pood\" \/>\n<meta property=\"article:publisher\" content=\"https:\/\/www.facebook.com\/100kingitust\" \/>\n<meta property=\"article:modified_time\" content=\"2023-08-17T05:45:57+00:00\" \/>\n<meta property=\"og:image\" content=\"https:\/\/2023laulupidu.100kingitust.ee\/wp-content\/uploads\/2022\/09\/Vihmakeep-2.png\" \/>\n\t<meta property=\"og:image:width\" content=\"1000\" \/>\n\t<meta property=\"og:image:height\" content=\"1000\" \/>\n\t<meta property=\"og:image:type\" content=\"image\/png\" \/>\n<meta name=\"twitter:card\" content=\"summary_large_image\" \/>\n<meta name=\"twitter:label1\" content=\"Est. reading time\" \/>\n\t<meta name=\"twitter:data1\" content=\"1 minute\" \/>\n<script type=\"application\/ld+json\" class=\"yoast-schema-graph\">{\"@context\":\"https:\/\/schema.org\",\"@graph\":[{\"@type\":\"WebPage\",\"@id\":\"https:\/\/2023laulupidu.100kingitust.ee\/en\/reusable-raincoat\/\",\"url\":\"https:\/\/2023laulupidu.100kingitust.ee\/en\/reusable-raincoat\/\",\"name\":\"REUSABLE RAINCOAT | Laulu- ja tantsupeo e-pood\",\"isPartOf\":{\"@id\":\"https:\/\/2023laulupidu.100kingitust.ee\/#website\"},\"datePublished\":\"2022-09-26T12:43:26+00:00\",\"dateModified\":\"2023-08-17T05:45:57+00:00\",\"description\":\"Welcome to XIII Youth Song and Dance Celebration webshop! Here you will find everything you need to be ready for the celebration of 2023! Look here!\",\"breadcrumb\":{\"@id\":\"https:\/\/2023laulupidu.100kingitust.ee\/en\/reusable-raincoat\/#breadcrumb\"},\"inLanguage\":\"en-US\",\"potentialAction\":[{\"@type\":\"ReadAction\",\"target\":[\"https:\/\/2023laulupidu.100kingitust.ee\/en\/reusable-raincoat\/\"]}]},{\"@type\":\"BreadcrumbList\",\"@id\":\"https:\/\/2023laulupidu.100kingitust.ee\/en\/reusable-raincoat\/#breadcrumb\",\"itemListElement\":[{\"@type\":\"ListItem\",\"position\":1,\"name\":\"Esileht\",\"item\":\"https:\/\/2023laulupidu.100kingitust.ee\/en\/\"},{\"@type\":\"ListItem\",\"position\":2,\"name\":\"Shop\",\"item\":\"https:\/\/2023laulupidu.100kingitust.ee\/en\/shop\/\"},{\"@type\":\"ListItem\",\"position\":3,\"name\":\"REUSABLE RAINCOAT\"}]},{\"@type\":\"WebSite\",\"@id\":\"https:\/\/2023laulupidu.100kingitust.ee\/#website\",\"url\":\"https:\/\/2023laulupidu.100kingitust.ee\/\",\"name\":\"Laulu- ja tantsupeo e-pood\",\"description\":\"XIII Youth Song and Dance Celebration webshop\",\"publisher\":{\"@id\":\"https:\/\/2023laulupidu.100kingitust.ee\/#organization\"},\"alternateName\":\"2023 Noorte Laulu- ja Tantsupeo meenepood\",\"potentialAction\":[{\"@type\":\"SearchAction\",\"target\":{\"@type\":\"EntryPoint\",\"urlTemplate\":\"https:\/\/2023laulupidu.100kingitust.ee\/?s={search_term_string}\"},\"query-input\":\"required name=search_term_string\"}],\"inLanguage\":\"en-US\"},{\"@type\":\"Organization\",\"@id\":\"https:\/\/2023laulupidu.100kingitust.ee\/#organization\",\"name\":\"Meremuuseumi e-pood\",\"alternateName\":\"Laulu- ja Tantsupeo SA\",\"url\":\"https:\/\/2023laulupidu.100kingitust.ee\/\",\"logo\":{\"@type\":\"ImageObject\",\"inLanguage\":\"en-US\",\"@id\":\"https:\/\/2023laulupidu.100kingitust.ee\/#\/schema\/logo\/image\/\",\"url\":\"https:\/\/2023laulupidu.100kingitust.ee\/wp-content\/uploads\/2023\/02\/logo1.png\",\"contentUrl\":\"https:\/\/2023laulupidu.100kingitust.ee\/wp-content\/uploads\/2023\/02\/logo1.png\",\"width\":215,\"height\":90,\"caption\":\"Meremuuseumi e-pood\"},\"image\":{\"@id\":\"https:\/\/2023laulupidu.100kingitust.ee\/#\/schema\/logo\/image\/\"},\"sameAs\":[\"https:\/\/www.facebook.com\/100kingitust\"]}]}<\/script>\n<!-- \/ Yoast SEO Premium plugin. -->","yoast_head_json":{"title":"REUSABLE RAINCOAT | Laulu- ja tantsupeo e-pood","description":"Welcome to XIII Youth Song and Dance Celebration webshop! Here you will find everything you need to be ready for the celebration of 2023! Look here!","robots":{"index":"index","follow":"follow","max-snippet":"max-snippet:-1","max-image-preview":"max-image-preview:large","max-video-preview":"max-video-preview:-1"},"canonical":"https:\/\/2023laulupidu.100kingitust.ee\/en\/reusable-raincoat\/","og_locale":"en_US","og_type":"article","og_title":"REUSABLE RAINCOAT | Laulu- ja tantsupeo e-pood","og_description":"Noorte Laulu- ja Tantsupeo meenepoest leiad peo s\u00e4rgid, pusad, meened, m\u00e4rgid! Saadame \u00fcle maailma!","og_url":"https:\/\/2023laulupidu.100kingitust.ee\/en\/reusable-raincoat\/","og_site_name":"Laulu- ja tantsupeo e-pood","article_publisher":"https:\/\/www.facebook.com\/100kingitust","article_modified_time":"2023-08-17T05:45:57+00:00","og_image":[{"width":1000,"height":1000,"url":"https:\/\/2023laulupidu.100kingitust.ee\/wp-content\/uploads\/2022\/09\/Vihmakeep-2.png","type":"image\/png"}],"twitter_card":"summary_large_image","twitter_misc":{"Est. reading time":"1 minute"},"schema":{"@context":"https:\/\/schema.org","@graph":[{"@type":"WebPage","@id":"https:\/\/2023laulupidu.100kingitust.ee\/en\/reusable-raincoat\/","url":"https:\/\/2023laulupidu.100kingitust.ee\/en\/reusable-raincoat\/","name":"REUSABLE RAINCOAT | Laulu- ja tantsupeo e-pood","isPartOf":{"@id":"https:\/\/2023laulupidu.100kingitust.ee\/#website"},"datePublished":"2022-09-26T12:43:26+00:00","dateModified":"2023-08-17T05:45:57+00:00","description":"Welcome to XIII Youth Song and Dance Celebration webshop! Here you will find everything you need to be ready for the celebration of 2023! Look here!","breadcrumb":{"@id":"https:\/\/2023laulupidu.100kingitust.ee\/en\/reusable-raincoat\/#breadcrumb"},"inLanguage":"en-US","potentialAction":[{"@type":"ReadAction","target":["https:\/\/2023laulupidu.100kingitust.ee\/en\/reusable-raincoat\/"]}]},{"@type":"BreadcrumbList","@id":"https:\/\/2023laulupidu.100kingitust.ee\/en\/reusable-raincoat\/#breadcrumb","itemListElement":[{"@type":"ListItem","position":1,"name":"Esileht","item":"https:\/\/2023laulupidu.100kingitust.ee\/en\/"},{"@type":"ListItem","position":2,"name":"Shop","item":"https:\/\/2023laulupidu.100kingitust.ee\/en\/shop\/"},{"@type":"ListItem","position":3,"name":"REUSABLE RAINCOAT"}]},{"@type":"WebSite","@id":"https:\/\/2023laulupidu.100kingitust.ee\/#website","url":"https:\/\/2023laulupidu.100kingitust.ee\/","name":"Laulu- ja tantsupeo e-pood","description":"XIII Youth Song and Dance Celebration webshop","publisher":{"@id":"https:\/\/2023laulupidu.100kingitust.ee\/#organization"},"alternateName":"2023 Noorte Laulu- ja Tantsupeo meenepood","potentialAction":[{"@type":"SearchAction","target":{"@type":"EntryPoint","urlTemplate":"https:\/\/2023laulupidu.100kingitust.ee\/?s={search_term_string}"},"query-input":"required name=search_term_string"}],"inLanguage":"en-US"},{"@type":"Organization","@id":"https:\/\/2023laulupidu.100kingitust.ee\/#organization","name":"Meremuuseumi e-pood","alternateName":"Laulu- ja Tantsupeo SA","url":"https:\/\/2023laulupidu.100kingitust.ee\/","logo":{"@type":"ImageObject","inLanguage":"en-US","@id":"https:\/\/2023laulupidu.100kingitust.ee\/#\/schema\/logo\/image\/","url":"https:\/\/2023laulupidu.100kingitust.ee\/wp-content\/uploads\/2023\/02\/logo1.png","contentUrl":"https:\/\/2023laulupidu.100kingitust.ee\/wp-content\/uploads\/2023\/02\/logo1.png","width":215,"height":90,"caption":"Meremuuseumi e-pood"},"image":{"@id":"https:\/\/2023laulupidu.100kingitust.ee\/#\/schema\/logo\/image\/"},"sameAs":["https:\/\/www.facebook.com\/100kingitust"]}]}},"_links":{"self":[{"href":"https:\/\/2023laulupidu.100kingitust.ee\/en\/wp-json\/wp\/v2\/product\/4866"}],"collection":[{"href":"https:\/\/2023laulupidu.100kingitust.ee\/en\/wp-json\/wp\/v2\/product"}],"about":[{"href":"https:\/\/2023laulupidu.100kingitust.ee\/en\/wp-json\/wp\/v2\/types\/product"}],"wp:featuredmedia":[{"embeddable":true,"href":"https:\/\/2023laulupidu.100kingitust.ee\/en\/wp-json\/wp\/v2\/media\/6205"}],"wp:attachment":[{"href":"https:\/\/2023laulupidu.100kingitust.ee\/en\/wp-json\/wp\/v2\/media?parent=4866"}],"wp:term":[{"taxonomy":"product_cat","embeddable":true,"href":"https:\/\/2023laulupidu.100kingitust.ee\/en\/wp-json\/wp\/v2\/product_cat?post=4866"},{"taxonomy":"product_tag","embeddable":true,"href":"https:\/\/2023laulupidu.100kingitust.ee\/en\/wp-json\/wp\/v2\/product_tag?post=4866"}],"curies":[{"name":"wp","href":"https:\/\/api.w.org\/{rel}","templated":true}]}}