{"id":5161,"date":"2022-10-19T17:13:43","date_gmt":"2022-10-19T12:13:43","guid":{"rendered":"https:\/\/2023laulupidu.100kingitust.ee\/?page_id=5161"},"modified":"2022-10-19T17:26:27","modified_gmt":"2022-10-19T12:26:27","slug":"my-account","status":"publish","type":"page","link":"https:\/\/2023laulupidu.100kingitust.ee\/en\/my-account\/","title":{"rendered":"My Account"},"content":{"rendered":"\n<div class=\"wp-block-group container is-layout-flex wp-block-group-is-layout-flex\"><div class=\"woocommerce\"><\/div>\n<\/div>\n","protected":false},"excerpt":{"rendered":"","protected":false},"author":2,"featured_media":0,"parent":0,"menu_order":0,"comment_status":"closed","ping_status":"closed","template":"","meta":{"_acf_changed":false,"footnotes":""},"acf":[],"yoast_head":"<!-- This site is optimized with the Yoast SEO Premium plugin v20.9 (Yoast SEO v22.1) - https:\/\/yoast.com\/wordpress\/plugins\/seo\/ -->\n<title>My Account | Laulu- ja tantsupeo e-pood<\/title>\n<meta name=\"description\" content=\"Lennusadama ja Paks Margareeta kingipood. Siit leiad parimad mereteemalised kingitused meres\u00f5brale!\" \/>\n<meta name=\"robots\" content=\"index, follow, max-snippet:-1, max-image-preview:large, max-video-preview:-1\" \/>\n<link rel=\"canonical\" href=\"https:\/\/2023laulupidu.100kingitust.ee\/en\/my-account\/\" \/>\n<meta property=\"og:locale\" content=\"en_US\" \/>\n<meta property=\"og:type\" content=\"article\" \/>\n<meta property=\"og:title\" content=\"My Account | Laulu- ja tantsupeo e-pood\" \/>\n<meta property=\"og:description\" content=\"Noorte Laulu- ja Tantsupeo meenepoest leiad peo s\u00e4rgid, pusad, meened, m\u00e4rgid! Saadame \u00fcle maailma!\" \/>\n<meta property=\"og:url\" content=\"https:\/\/2023laulupidu.100kingitust.ee\/en\/my-account\/\" \/>\n<meta property=\"og:site_name\" content=\"Laulu- ja tantsupeo e-pood\" \/>\n<meta property=\"article:publisher\" content=\"https:\/\/www.facebook.com\/100kingitust\" \/>\n<meta property=\"article:modified_time\" content=\"2022-10-19T12:26:27+00:00\" \/>\n<meta property=\"og:image\" content=\"https:\/\/2023laulupidu.100kingitust.ee\/wp-content\/uploads\/2022\/09\/kleeps-4.png\" \/>\n\t<meta property=\"og:image:width\" content=\"1000\" \/>\n\t<meta property=\"og:image:height\" content=\"1000\" \/>\n\t<meta property=\"og:image:type\" content=\"image\/png\" \/>\n<meta name=\"twitter:card\" content=\"summary_large_image\" \/>\n<meta name=\"twitter:label1\" content=\"Est. reading time\" \/>\n\t<meta name=\"twitter:data1\" content=\"1 minute\" \/>\n<script type=\"application\/ld+json\" class=\"yoast-schema-graph\">{\"@context\":\"https:\/\/schema.org\",\"@graph\":[{\"@type\":\"WebPage\",\"@id\":\"https:\/\/2023laulupidu.100kingitust.ee\/en\/my-account\/\",\"url\":\"https:\/\/2023laulupidu.100kingitust.ee\/en\/my-account\/\",\"name\":\"My Account | Laulu- ja tantsupeo e-pood\",\"isPartOf\":{\"@id\":\"https:\/\/2023laulupidu.100kingitust.ee\/#website\"},\"datePublished\":\"2022-10-19T12:13:43+00:00\",\"dateModified\":\"2022-10-19T12:26:27+00:00\",\"description\":\"Lennusadama ja Paks Margareeta kingipood. Siit leiad parimad mereteemalised kingitused meres\u00f5brale!\",\"breadcrumb\":{\"@id\":\"https:\/\/2023laulupidu.100kingitust.ee\/en\/my-account\/#breadcrumb\"},\"inLanguage\":\"en-US\",\"potentialAction\":[{\"@type\":\"ReadAction\",\"target\":[\"https:\/\/2023laulupidu.100kingitust.ee\/en\/my-account\/\"]}]},{\"@type\":\"BreadcrumbList\",\"@id\":\"https:\/\/2023laulupidu.100kingitust.ee\/en\/my-account\/#breadcrumb\",\"itemListElement\":[{\"@type\":\"ListItem\",\"position\":1,\"name\":\"Esileht\",\"item\":\"https:\/\/2023laulupidu.100kingitust.ee\/en\/\"},{\"@type\":\"ListItem\",\"position\":2,\"name\":\"My Account\"}]},{\"@type\":\"WebSite\",\"@id\":\"https:\/\/2023laulupidu.100kingitust.ee\/#website\",\"url\":\"https:\/\/2023laulupidu.100kingitust.ee\/\",\"name\":\"Laulu- ja tantsupeo e-pood\",\"description\":\"XIII Youth Song and Dance Celebration webshop\",\"publisher\":{\"@id\":\"https:\/\/2023laulupidu.100kingitust.ee\/#organization\"},\"alternateName\":\"2023 Noorte Laulu- ja Tantsupeo meenepood\",\"potentialAction\":[{\"@type\":\"SearchAction\",\"target\":{\"@type\":\"EntryPoint\",\"urlTemplate\":\"https:\/\/2023laulupidu.100kingitust.ee\/?s={search_term_string}\"},\"query-input\":\"required name=search_term_string\"}],\"inLanguage\":\"en-US\"},{\"@type\":\"Organization\",\"@id\":\"https:\/\/2023laulupidu.100kingitust.ee\/#organization\",\"name\":\"Meremuuseumi e-pood\",\"alternateName\":\"Laulu- ja Tantsupeo SA\",\"url\":\"https:\/\/2023laulupidu.100kingitust.ee\/\",\"logo\":{\"@type\":\"ImageObject\",\"inLanguage\":\"en-US\",\"@id\":\"https:\/\/2023laulupidu.100kingitust.ee\/#\/schema\/logo\/image\/\",\"url\":\"https:\/\/2023laulupidu.100kingitust.ee\/wp-content\/uploads\/2023\/02\/logo1.png\",\"contentUrl\":\"https:\/\/2023laulupidu.100kingitust.ee\/wp-content\/uploads\/2023\/02\/logo1.png\",\"width\":215,\"height\":90,\"caption\":\"Meremuuseumi e-pood\"},\"image\":{\"@id\":\"https:\/\/2023laulupidu.100kingitust.ee\/#\/schema\/logo\/image\/\"},\"sameAs\":[\"https:\/\/www.facebook.com\/100kingitust\"]}]}<\/script>\n<!-- \/ Yoast SEO Premium plugin. -->","yoast_head_json":{"title":"My Account | Laulu- ja tantsupeo e-pood","description":"Lennusadama ja Paks Margareeta kingipood. Siit leiad parimad mereteemalised kingitused meres\u00f5brale!","robots":{"index":"index","follow":"follow","max-snippet":"max-snippet:-1","max-image-preview":"max-image-preview:large","max-video-preview":"max-video-preview:-1"},"canonical":"https:\/\/2023laulupidu.100kingitust.ee\/en\/my-account\/","og_locale":"en_US","og_type":"article","og_title":"My Account | Laulu- ja tantsupeo e-pood","og_description":"Noorte Laulu- ja Tantsupeo meenepoest leiad peo s\u00e4rgid, pusad, meened, m\u00e4rgid! Saadame \u00fcle maailma!","og_url":"https:\/\/2023laulupidu.100kingitust.ee\/en\/my-account\/","og_site_name":"Laulu- ja tantsupeo e-pood","article_publisher":"https:\/\/www.facebook.com\/100kingitust","article_modified_time":"2022-10-19T12:26:27+00:00","og_image":[{"width":1000,"height":1000,"url":"https:\/\/2023laulupidu.100kingitust.ee\/wp-content\/uploads\/2022\/09\/kleeps-4.png","type":"image\/png"}],"twitter_card":"summary_large_image","twitter_misc":{"Est. reading time":"1 minute"},"schema":{"@context":"https:\/\/schema.org","@graph":[{"@type":"WebPage","@id":"https:\/\/2023laulupidu.100kingitust.ee\/en\/my-account\/","url":"https:\/\/2023laulupidu.100kingitust.ee\/en\/my-account\/","name":"My Account | Laulu- ja tantsupeo e-pood","isPartOf":{"@id":"https:\/\/2023laulupidu.100kingitust.ee\/#website"},"datePublished":"2022-10-19T12:13:43+00:00","dateModified":"2022-10-19T12:26:27+00:00","description":"Lennusadama ja Paks Margareeta kingipood. Siit leiad parimad mereteemalised kingitused meres\u00f5brale!","breadcrumb":{"@id":"https:\/\/2023laulupidu.100kingitust.ee\/en\/my-account\/#breadcrumb"},"inLanguage":"en-US","potentialAction":[{"@type":"ReadAction","target":["https:\/\/2023laulupidu.100kingitust.ee\/en\/my-account\/"]}]},{"@type":"BreadcrumbList","@id":"https:\/\/2023laulupidu.100kingitust.ee\/en\/my-account\/#breadcrumb","itemListElement":[{"@type":"ListItem","position":1,"name":"Esileht","item":"https:\/\/2023laulupidu.100kingitust.ee\/en\/"},{"@type":"ListItem","position":2,"name":"My Account"}]},{"@type":"WebSite","@id":"https:\/\/2023laulupidu.100kingitust.ee\/#website","url":"https:\/\/2023laulupidu.100kingitust.ee\/","name":"Laulu- ja tantsupeo e-pood","description":"XIII Youth Song and Dance Celebration webshop","publisher":{"@id":"https:\/\/2023laulupidu.100kingitust.ee\/#organization"},"alternateName":"2023 Noorte Laulu- ja Tantsupeo meenepood","potentialAction":[{"@type":"SearchAction","target":{"@type":"EntryPoint","urlTemplate":"https:\/\/2023laulupidu.100kingitust.ee\/?s={search_term_string}"},"query-input":"required name=search_term_string"}],"inLanguage":"en-US"},{"@type":"Organization","@id":"https:\/\/2023laulupidu.100kingitust.ee\/#organization","name":"Meremuuseumi e-pood","alternateName":"Laulu- ja Tantsupeo SA","url":"https:\/\/2023laulupidu.100kingitust.ee\/","logo":{"@type":"ImageObject","inLanguage":"en-US","@id":"https:\/\/2023laulupidu.100kingitust.ee\/#\/schema\/logo\/image\/","url":"https:\/\/2023laulupidu.100kingitust.ee\/wp-content\/uploads\/2023\/02\/logo1.png","contentUrl":"https:\/\/2023laulupidu.100kingitust.ee\/wp-content\/uploads\/2023\/02\/logo1.png","width":215,"height":90,"caption":"Meremuuseumi e-pood"},"image":{"@id":"https:\/\/2023laulupidu.100kingitust.ee\/#\/schema\/logo\/image\/"},"sameAs":["https:\/\/www.facebook.com\/100kingitust"]}]}},"_links":{"self":[{"href":"https:\/\/2023laulupidu.100kingitust.ee\/en\/wp-json\/wp\/v2\/pages\/5161"}],"collection":[{"href":"https:\/\/2023laulupidu.100kingitust.ee\/en\/wp-json\/wp\/v2\/pages"}],"about":[{"href":"https:\/\/2023laulupidu.100kingitust.ee\/en\/wp-json\/wp\/v2\/types\/page"}],"author":[{"embeddable":true,"href":"https:\/\/2023laulupidu.100kingitust.ee\/en\/wp-json\/wp\/v2\/users\/2"}],"replies":[{"embeddable":true,"href":"https:\/\/2023laulupidu.100kingitust.ee\/en\/wp-json\/wp\/v2\/comments?post=5161"}],"version-history":[{"count":3,"href":"https:\/\/2023laulupidu.100kingitust.ee\/en\/wp-json\/wp\/v2\/pages\/5161\/revisions"}],"predecessor-version":[{"id":5164,"href":"https:\/\/2023laulupidu.100kingitust.ee\/en\/wp-json\/wp\/v2\/pages\/5161\/revisions\/5164"}],"wp:attachment":[{"href":"https:\/\/2023laulupidu.100kingitust.ee\/en\/wp-json\/wp\/v2\/media?parent=5161"}],"curies":[{"name":"wp","href":"https:\/\/api.w.org\/{rel}","templated":true}]}}